{"id":756,"date":"2021-02-23T09:45:41","date_gmt":"2021-02-23T08:45:41","guid":{"rendered":"https:\/\/lubuskiekruszywa.pl\/europaeische-mittel\/"},"modified":"2022-12-07T10:25:37","modified_gmt":"2022-12-07T09:25:37","slug":"europaeische-mittel","status":"publish","type":"page","link":"https:\/\/lubuskiekruszywa.pl\/de\/europaeische-mittel\/","title":{"rendered":"Europ\u00e4ische Mittel"},"content":{"rendered":"[vc_row][vc_column css=&#8220;.vc_custom_1670246177542{padding-top: 3em !important;}&#8220;][vc_column_text css=&#8220;.vc_custom_1670245990082{margin-bottom: 0px !important;}&#8220;]\n<h1>Europ\u00e4ische Mittel<\/h1>\n[\/vc_column_text][vc_single_image image=&#8220;217&#8243; img_size=&#8220;full&#8220; alignment=&#8220;center&#8220;][\/vc_column][\/vc_row][vc_row][vc_column css=&#8220;.vc_custom_1670246186910{padding-bottom: 3em !important;}&#8220;][vc_column_text css=&#8220;.vc_custom_1667650290609{margin-bottom: 0px !important;}&#8220;]Das Gesellschaft ist ein Beg\u00fcnstigter einer Finanzierungshilfe im Rahmen der Teilma\u00dfnahme 3.2.1. Marktforschung des Operationellen Programms Intelligente Entwicklung 2014-2020, Projekttitel: \u201eBergbauanlage der Zuschlagstoffgrube mit hoher Kosten- und Umwelteffizienz\u201d. Den Gegenstand des Projekts bildet die Anwendung innovativer Technologie zur Gewinnung und Verarbeitung von Zuschlagstoffen, die sich durch hohe Wirtschaftlichkeit sowie stark reduzierte Umweltbelastung auszeichnen. Dank der Umsetzung eigener Forschungs- und Entwicklungsergebnisse wird das Unternehmen die Kosten des Gewinnungsverfahrens optimieren und gleichzeitig die CO<sub>2<\/sub>-Emissionen in die Atmosph\u00e4re verringern. Der Einsatz dieser Technologie soll zur ma\u00dfgeblichen Verbesserung der Wettbewerbsf\u00e4higkeit des Unternehmens beitragen.<\/p>\n<p>Der Wert der f\u00f6rderf\u00e4higen Investitionskosten betr\u00e4gt 11 782 000 PLN.<\/p>\n<p>Die H\u00f6he der Kofinanzierung aus den EU-Mitteln: 5 301 900 PLN.[\/vc_column_text][\/vc_column][\/vc_row]\n","protected":false},"excerpt":{"rendered":"<p>[vc_row][vc_column css=&#8220;.vc_custom_1670246177542{padding-top: 3em !important;}&#8220;][vc_column_text css=&#8220;.vc_custom_1670245990082{margin-bottom: 0px !important;}&#8220;] Europ\u00e4ische Mittel [\/vc_column_text][vc_single_image image=&#8220;217&#8243; img_size=&#8220;full&#8220; alignment=&#8220;center&#8220;][\/vc_column][\/vc_row][vc_row][vc_column css=&#8220;.vc_custom_1670246186910{padding-bottom: 3em !important;}&#8220;][vc_column_text css=&#8220;.vc_custom_1667650290609{margin-bottom: 0px !important;}&#8220;]Das Gesellschaft ist ein Beg\u00fcnstigter einer Finanzierungshilfe im Rahmen der Teilma\u00dfnahme 3.2.1. Marktforschung des Operationellen Programms Intelligente Entwicklung 2014-2020, Projekttitel: \u201eBergbauanlage der Zuschlagstoffgrube mit hoher Kosten- und Umwelteffizienz\u201d. Den Gegenstand des Projekts bildet die Anwendung innovativer Technologie [&hellip;]<\/p>\n","protected":false},"author":2,"featured_media":0,"parent":0,"menu_order":0,"comment_status":"closed","ping_status":"closed","template":"","meta":{"inline_featured_image":false,"footnotes":""},"class_list":["post-756","page","type-page","status-publish","hentry"],"yoast_head":"<!-- This site is optimized with the Yoast SEO plugin v26.5 - https:\/\/yoast.com\/wordpress\/plugins\/seo\/ -->\n<title>Europ\u00e4ische Mittel &#8226; Lubuskie Kruszywa<\/title>\n<meta name=\"description\" content=\"Europ\u00e4ische Mittel &#8226; Lubuskie Kruszywa\" \/>\n<meta name=\"robots\" content=\"index, follow, max-snippet:-1, max-image-preview:large, max-video-preview:-1\" \/>\n<link rel=\"canonical\" href=\"https:\/\/lubuskiekruszywa.pl\/de\/europaeische-mittel\/\" \/>\n<meta property=\"og:locale\" content=\"de_DE\" \/>\n<meta property=\"og:type\" content=\"article\" \/>\n<meta property=\"og:title\" content=\"Europ\u00e4ische Mittel &#8226; Lubuskie Kruszywa\" \/>\n<meta property=\"og:description\" content=\"Europ\u00e4ische Mittel &#8226; Lubuskie Kruszywa\" \/>\n<meta property=\"og:url\" content=\"https:\/\/lubuskiekruszywa.pl\/de\/europaeische-mittel\/\" \/>\n<meta property=\"og:site_name\" content=\"Lubuskie Kruszywa\" \/>\n<meta property=\"article:modified_time\" content=\"2022-12-07T09:25:37+00:00\" \/>\n<meta name=\"twitter:card\" content=\"summary_large_image\" \/>\n<meta name=\"twitter:label1\" content=\"Gesch\u00e4tzte Lesezeit\" \/>\n\t<meta name=\"twitter:data1\" content=\"1\u00a0Minute\" \/>\n<script type=\"application\/ld+json\" class=\"yoast-schema-graph\">{\"@context\":\"https:\/\/schema.org\",\"@graph\":[{\"@type\":\"WebPage\",\"@id\":\"https:\/\/lubuskiekruszywa.pl\/de\/europaeische-mittel\/\",\"url\":\"https:\/\/lubuskiekruszywa.pl\/de\/europaeische-mittel\/\",\"name\":\"Europ\u00e4ische Mittel &#8226; Lubuskie Kruszywa\",\"isPartOf\":{\"@id\":\"https:\/\/lubuskiekruszywa.pl\/de\/#website\"},\"datePublished\":\"2021-02-23T08:45:41+00:00\",\"dateModified\":\"2022-12-07T09:25:37+00:00\",\"description\":\"Europ\u00e4ische Mittel &#8226; Lubuskie Kruszywa\",\"breadcrumb\":{\"@id\":\"https:\/\/lubuskiekruszywa.pl\/de\/europaeische-mittel\/#breadcrumb\"},\"inLanguage\":\"de\",\"potentialAction\":[{\"@type\":\"ReadAction\",\"target\":[\"https:\/\/lubuskiekruszywa.pl\/de\/europaeische-mittel\/\"]}]},{\"@type\":\"BreadcrumbList\",\"@id\":\"https:\/\/lubuskiekruszywa.pl\/de\/europaeische-mittel\/#breadcrumb\",\"itemListElement\":[{\"@type\":\"ListItem\",\"position\":1,\"name\":\"Strona g\u0142\u00f3wna\",\"item\":\"https:\/\/lubuskiekruszywa.pl\/de\/\"},{\"@type\":\"ListItem\",\"position\":2,\"name\":\"Europ\u00e4ische Mittel\"}]},{\"@type\":\"WebSite\",\"@id\":\"https:\/\/lubuskiekruszywa.pl\/de\/#website\",\"url\":\"https:\/\/lubuskiekruszywa.pl\/de\/\",\"name\":\"Lubuskie Kruszywa\",\"description\":\"\",\"potentialAction\":[{\"@type\":\"SearchAction\",\"target\":{\"@type\":\"EntryPoint\",\"urlTemplate\":\"https:\/\/lubuskiekruszywa.pl\/de\/?s={search_term_string}\"},\"query-input\":{\"@type\":\"PropertyValueSpecification\",\"valueRequired\":true,\"valueName\":\"search_term_string\"}}],\"inLanguage\":\"de\"}]}<\/script>\n<!-- \/ Yoast SEO plugin. -->","yoast_head_json":{"title":"Europ\u00e4ische Mittel &#8226; Lubuskie Kruszywa","description":"Europ\u00e4ische Mittel &#8226; Lubuskie Kruszywa","robots":{"index":"index","follow":"follow","max-snippet":"max-snippet:-1","max-image-preview":"max-image-preview:large","max-video-preview":"max-video-preview:-1"},"canonical":"https:\/\/lubuskiekruszywa.pl\/de\/europaeische-mittel\/","og_locale":"de_DE","og_type":"article","og_title":"Europ\u00e4ische Mittel &#8226; Lubuskie Kruszywa","og_description":"Europ\u00e4ische Mittel &#8226; Lubuskie Kruszywa","og_url":"https:\/\/lubuskiekruszywa.pl\/de\/europaeische-mittel\/","og_site_name":"Lubuskie Kruszywa","article_modified_time":"2022-12-07T09:25:37+00:00","twitter_card":"summary_large_image","twitter_misc":{"Gesch\u00e4tzte Lesezeit":"1\u00a0Minute"},"schema":{"@context":"https:\/\/schema.org","@graph":[{"@type":"WebPage","@id":"https:\/\/lubuskiekruszywa.pl\/de\/europaeische-mittel\/","url":"https:\/\/lubuskiekruszywa.pl\/de\/europaeische-mittel\/","name":"Europ\u00e4ische Mittel &#8226; Lubuskie Kruszywa","isPartOf":{"@id":"https:\/\/lubuskiekruszywa.pl\/de\/#website"},"datePublished":"2021-02-23T08:45:41+00:00","dateModified":"2022-12-07T09:25:37+00:00","description":"Europ\u00e4ische Mittel &#8226; Lubuskie Kruszywa","breadcrumb":{"@id":"https:\/\/lubuskiekruszywa.pl\/de\/europaeische-mittel\/#breadcrumb"},"inLanguage":"de","potentialAction":[{"@type":"ReadAction","target":["https:\/\/lubuskiekruszywa.pl\/de\/europaeische-mittel\/"]}]},{"@type":"BreadcrumbList","@id":"https:\/\/lubuskiekruszywa.pl\/de\/europaeische-mittel\/#breadcrumb","itemListElement":[{"@type":"ListItem","position":1,"name":"Strona g\u0142\u00f3wna","item":"https:\/\/lubuskiekruszywa.pl\/de\/"},{"@type":"ListItem","position":2,"name":"Europ\u00e4ische Mittel"}]},{"@type":"WebSite","@id":"https:\/\/lubuskiekruszywa.pl\/de\/#website","url":"https:\/\/lubuskiekruszywa.pl\/de\/","name":"Lubuskie Kruszywa","description":"","potentialAction":[{"@type":"SearchAction","target":{"@type":"EntryPoint","urlTemplate":"https:\/\/lubuskiekruszywa.pl\/de\/?s={search_term_string}"},"query-input":{"@type":"PropertyValueSpecification","valueRequired":true,"valueName":"search_term_string"}}],"inLanguage":"de"}]}},"_links":{"self":[{"href":"https:\/\/lubuskiekruszywa.pl\/de\/wp-json\/wp\/v2\/pages\/756","targetHints":{"allow":["GET"]}}],"collection":[{"href":"https:\/\/lubuskiekruszywa.pl\/de\/wp-json\/wp\/v2\/pages"}],"about":[{"href":"https:\/\/lubuskiekruszywa.pl\/de\/wp-json\/wp\/v2\/types\/page"}],"author":[{"embeddable":true,"href":"https:\/\/lubuskiekruszywa.pl\/de\/wp-json\/wp\/v2\/users\/2"}],"replies":[{"embeddable":true,"href":"https:\/\/lubuskiekruszywa.pl\/de\/wp-json\/wp\/v2\/comments?post=756"}],"version-history":[{"count":4,"href":"https:\/\/lubuskiekruszywa.pl\/de\/wp-json\/wp\/v2\/pages\/756\/revisions"}],"predecessor-version":[{"id":761,"href":"https:\/\/lubuskiekruszywa.pl\/de\/wp-json\/wp\/v2\/pages\/756\/revisions\/761"}],"wp:attachment":[{"href":"https:\/\/lubuskiekruszywa.pl\/de\/wp-json\/wp\/v2\/media?parent=756"}],"curies":[{"name":"wp","href":"https:\/\/api.w.org\/{rel}","templated":true}]}}