{"id":697,"date":"2015-11-06T16:27:26","date_gmt":"2015-11-06T15:27:26","guid":{"rendered":"https:\/\/lubuskiekruszywa.pl\/ueber-die-firma\/"},"modified":"2023-10-05T19:07:43","modified_gmt":"2023-10-05T17:07:43","slug":"uber-die-firma","status":"publish","type":"page","link":"https:\/\/lubuskiekruszywa.pl\/de\/uber-die-firma\/","title":{"rendered":"\u00dcber die Firma"},"content":{"rendered":"[mk_page_section layout_structure=&#8220;half_left&#8220; bg_image=&#8220;https:\/\/lubuskiekruszywa.pl\/wp-content\/uploads\/main_page-scaled.jpeg&#8220; min_height=&#8220;0&#8243; padding_top=&#8220;68&#8243; padding_bottom=&#8220;68&#8243;][vc_column][mk_fancy_title tag_name=&#8220;h1&#8243; color=&#8220;#1d1d1b&#8220; size=&#8220;42&#8243; font_weight=&#8220;900&#8243; txt_transform=&#8220;uppercase&#8220; margin_bottom=&#8220;26&#8243; font_family=&#8220;none&#8220;]\u00dcber die Firma[\/mk_fancy_title][vc_column_text margin_bottom=&#8220;42&#8243; css=&#8220;.vc_custom_1679490062423{margin-bottom: 42px !important;}&#8220;]Bergwerk Chojnowo, das zur Lubuskie Kruszywa Sp. z o.o. geh\u00f6rt, liegt in der Woiwodschaft Lubuskie. Die Hauptt\u00e4tigkeit des Unternehmens ist der Abbau von Mineralien aus den Lagerst\u00e4tten und die Zuschlagstoffproduktion. Die produzierten Zugschlagstoffe stammen aus homogenen, nat\u00fcrlichen Lagerst\u00e4tten, was die Stabilit\u00e4t der Rezepturen garantiert. Dank zahlreicher Modernisierungen der Verarbeitungsanlage bietet Bergwerk Chojnowo ihren Kunden eine gute Qualit\u00e4t und ein vielf\u00e4ltiges Sortiment an Zuschlagstoffen:<\/p>\n<ul>\n<li>S\u00e4nde die den Normen entsprechen:<br \/>\nPN-EN 12620+A1:2010, PN-EN 13242+A1:2010, PN-EN 13043:2004+AC:2004+Ap1:2010 , PN-EN 13139:2003+AC:2004<\/li>\n<li>Kiese die den Normen entsprechen:<br \/>\nPN-EN 12620+A1:2010, PN-EN 13242+A1:2010<\/li>\n<li>Mischungen die den Normen entsprechen:<br \/>\nPN-EN 12620+A1:2010, PN-EN 13242+A1:2010<\/li>\n<\/ul>\n[\/vc_column_text][vc_column_text]Unsere Zuschlagstoffen haben hohe physikalisch-mechanische Parameter, die\u00a0sie f\u00fcr den Einsatz bei:<\/p>\n<ul>\n<li>der Produktion von Fertigbeton, Pflastersteine, Mineral-Asphaltmassen,<\/li>\n<li>der Tragschicht<\/li>\n<li>Bodenaustausch,<\/li>\n<li>Schotter,<\/li>\n<li>und andere Arbeiten pr\u00e4disponieren.<\/li>\n<\/ul>\n[\/vc_column_text][vc_column_text]Unsere Hauptziele sind:<\/p>\n<ul>\n<li>partnerschaftliche und flexible Zusammenarbeit mit Kunden,<\/li>\n<li>Respekt und Schutz der Umwelt,<\/li>\n<li>rationelle Nutzung der Bergbaugebieten,<\/li>\n<li>ein hohes Ma\u00df an Betriebssicherheit und Arbeitsbedingungen.<\/li>\n<\/ul>\n[\/vc_column_text][vc_btn title=&#8220;ZKP-Konformit\u00e4tsbescheinigung \u2013 herunterladen&#8220; style=&#8220;classic&#8220; i_icon_fontawesome=&#8220;fas fa-file-pdf&#8220; add_icon=&#8220;true&#8220; link=&#8220;url:https%3A%2F%2Flubuskiekruszywa.pl%2Fwp-content%2Fuploads%2Fcertyfikat-zgodnosci-zkp-de.pdf||target:%20_blank|rel:nofollow&#8220;][\/vc_column][\/mk_page_section]\n","protected":false},"excerpt":{"rendered":"<p>[mk_page_section layout_structure=&#8220;half_left&#8220; bg_image=&#8220;https:\/\/lubuskiekruszywa.pl\/wp-content\/uploads\/main_page-scaled.jpeg&#8220; min_height=&#8220;0&#8243; padding_top=&#8220;68&#8243; padding_bottom=&#8220;68&#8243;][vc_column][mk_fancy_title tag_name=&#8220;h1&#8243; color=&#8220;#1d1d1b&#8220; size=&#8220;42&#8243; font_weight=&#8220;900&#8243; txt_transform=&#8220;uppercase&#8220; margin_bottom=&#8220;26&#8243; font_family=&#8220;none&#8220;]\u00dcber die Firma[\/mk_fancy_title][vc_column_text margin_bottom=&#8220;42&#8243; css=&#8220;.vc_custom_1679490062423{margin-bottom: 42px !important;}&#8220;]Bergwerk Chojnowo, das zur Lubuskie Kruszywa Sp. z o.o. geh\u00f6rt, liegt in der Woiwodschaft Lubuskie. Die Hauptt\u00e4tigkeit des Unternehmens ist der Abbau von Mineralien aus den Lagerst\u00e4tten und die Zuschlagstoffproduktion. Die produzierten Zugschlagstoffe stammen aus homogenen, nat\u00fcrlichen [&hellip;]<\/p>\n","protected":false},"author":2,"featured_media":0,"parent":0,"menu_order":0,"comment_status":"closed","ping_status":"closed","template":"","meta":{"inline_featured_image":false,"footnotes":""},"class_list":["post-697","page","type-page","status-publish","hentry"],"yoast_head":"<!-- This site is optimized with the Yoast SEO plugin v26.5 - https:\/\/yoast.com\/wordpress\/plugins\/seo\/ -->\n<title>\u00dcber die Firma &#8226; Lubuskie Kruszywa<\/title>\n<meta name=\"description\" content=\"\u00dcber die Firma &#8226; Lubuskie Kruszywa\" \/>\n<meta name=\"robots\" content=\"index, follow, max-snippet:-1, max-image-preview:large, max-video-preview:-1\" \/>\n<link rel=\"canonical\" href=\"https:\/\/lubuskiekruszywa.pl\/de\/uber-die-firma\/\" \/>\n<meta property=\"og:locale\" content=\"de_DE\" \/>\n<meta property=\"og:type\" content=\"article\" \/>\n<meta property=\"og:title\" content=\"\u00dcber die Firma &#8226; Lubuskie Kruszywa\" \/>\n<meta property=\"og:description\" content=\"\u00dcber die Firma &#8226; Lubuskie Kruszywa\" \/>\n<meta property=\"og:url\" content=\"https:\/\/lubuskiekruszywa.pl\/de\/uber-die-firma\/\" \/>\n<meta property=\"og:site_name\" content=\"Lubuskie Kruszywa\" \/>\n<meta property=\"article:modified_time\" content=\"2023-10-05T17:07:43+00:00\" \/>\n<meta name=\"twitter:card\" content=\"summary_large_image\" \/>\n<meta name=\"twitter:label1\" content=\"Gesch\u00e4tzte Lesezeit\" \/>\n\t<meta name=\"twitter:data1\" content=\"2\u00a0Minuten\" \/>\n<script type=\"application\/ld+json\" class=\"yoast-schema-graph\">{\"@context\":\"https:\/\/schema.org\",\"@graph\":[{\"@type\":\"WebPage\",\"@id\":\"https:\/\/lubuskiekruszywa.pl\/de\/uber-die-firma\/\",\"url\":\"https:\/\/lubuskiekruszywa.pl\/de\/uber-die-firma\/\",\"name\":\"\u00dcber die Firma &#8226; Lubuskie Kruszywa\",\"isPartOf\":{\"@id\":\"https:\/\/lubuskiekruszywa.pl\/de\/#website\"},\"datePublished\":\"2015-11-06T15:27:26+00:00\",\"dateModified\":\"2023-10-05T17:07:43+00:00\",\"description\":\"\u00dcber die Firma &#8226; Lubuskie Kruszywa\",\"breadcrumb\":{\"@id\":\"https:\/\/lubuskiekruszywa.pl\/de\/uber-die-firma\/#breadcrumb\"},\"inLanguage\":\"de\",\"potentialAction\":[{\"@type\":\"ReadAction\",\"target\":[\"https:\/\/lubuskiekruszywa.pl\/de\/uber-die-firma\/\"]}]},{\"@type\":\"BreadcrumbList\",\"@id\":\"https:\/\/lubuskiekruszywa.pl\/de\/uber-die-firma\/#breadcrumb\",\"itemListElement\":[{\"@type\":\"ListItem\",\"position\":1,\"name\":\"Strona g\u0142\u00f3wna\",\"item\":\"https:\/\/lubuskiekruszywa.pl\/de\/\"},{\"@type\":\"ListItem\",\"position\":2,\"name\":\"\u00dcber die Firma\"}]},{\"@type\":\"WebSite\",\"@id\":\"https:\/\/lubuskiekruszywa.pl\/de\/#website\",\"url\":\"https:\/\/lubuskiekruszywa.pl\/de\/\",\"name\":\"Lubuskie Kruszywa\",\"description\":\"\",\"potentialAction\":[{\"@type\":\"SearchAction\",\"target\":{\"@type\":\"EntryPoint\",\"urlTemplate\":\"https:\/\/lubuskiekruszywa.pl\/de\/?s={search_term_string}\"},\"query-input\":{\"@type\":\"PropertyValueSpecification\",\"valueRequired\":true,\"valueName\":\"search_term_string\"}}],\"inLanguage\":\"de\"}]}<\/script>\n<!-- \/ Yoast SEO plugin. -->","yoast_head_json":{"title":"\u00dcber die Firma &#8226; Lubuskie Kruszywa","description":"\u00dcber die Firma &#8226; Lubuskie Kruszywa","robots":{"index":"index","follow":"follow","max-snippet":"max-snippet:-1","max-image-preview":"max-image-preview:large","max-video-preview":"max-video-preview:-1"},"canonical":"https:\/\/lubuskiekruszywa.pl\/de\/uber-die-firma\/","og_locale":"de_DE","og_type":"article","og_title":"\u00dcber die Firma &#8226; Lubuskie Kruszywa","og_description":"\u00dcber die Firma &#8226; Lubuskie Kruszywa","og_url":"https:\/\/lubuskiekruszywa.pl\/de\/uber-die-firma\/","og_site_name":"Lubuskie Kruszywa","article_modified_time":"2023-10-05T17:07:43+00:00","twitter_card":"summary_large_image","twitter_misc":{"Gesch\u00e4tzte Lesezeit":"2\u00a0Minuten"},"schema":{"@context":"https:\/\/schema.org","@graph":[{"@type":"WebPage","@id":"https:\/\/lubuskiekruszywa.pl\/de\/uber-die-firma\/","url":"https:\/\/lubuskiekruszywa.pl\/de\/uber-die-firma\/","name":"\u00dcber die Firma &#8226; Lubuskie Kruszywa","isPartOf":{"@id":"https:\/\/lubuskiekruszywa.pl\/de\/#website"},"datePublished":"2015-11-06T15:27:26+00:00","dateModified":"2023-10-05T17:07:43+00:00","description":"\u00dcber die Firma &#8226; Lubuskie Kruszywa","breadcrumb":{"@id":"https:\/\/lubuskiekruszywa.pl\/de\/uber-die-firma\/#breadcrumb"},"inLanguage":"de","potentialAction":[{"@type":"ReadAction","target":["https:\/\/lubuskiekruszywa.pl\/de\/uber-die-firma\/"]}]},{"@type":"BreadcrumbList","@id":"https:\/\/lubuskiekruszywa.pl\/de\/uber-die-firma\/#breadcrumb","itemListElement":[{"@type":"ListItem","position":1,"name":"Strona g\u0142\u00f3wna","item":"https:\/\/lubuskiekruszywa.pl\/de\/"},{"@type":"ListItem","position":2,"name":"\u00dcber die Firma"}]},{"@type":"WebSite","@id":"https:\/\/lubuskiekruszywa.pl\/de\/#website","url":"https:\/\/lubuskiekruszywa.pl\/de\/","name":"Lubuskie Kruszywa","description":"","potentialAction":[{"@type":"SearchAction","target":{"@type":"EntryPoint","urlTemplate":"https:\/\/lubuskiekruszywa.pl\/de\/?s={search_term_string}"},"query-input":{"@type":"PropertyValueSpecification","valueRequired":true,"valueName":"search_term_string"}}],"inLanguage":"de"}]}},"_links":{"self":[{"href":"https:\/\/lubuskiekruszywa.pl\/de\/wp-json\/wp\/v2\/pages\/697","targetHints":{"allow":["GET"]}}],"collection":[{"href":"https:\/\/lubuskiekruszywa.pl\/de\/wp-json\/wp\/v2\/pages"}],"about":[{"href":"https:\/\/lubuskiekruszywa.pl\/de\/wp-json\/wp\/v2\/types\/page"}],"author":[{"embeddable":true,"href":"https:\/\/lubuskiekruszywa.pl\/de\/wp-json\/wp\/v2\/users\/2"}],"replies":[{"embeddable":true,"href":"https:\/\/lubuskiekruszywa.pl\/de\/wp-json\/wp\/v2\/comments?post=697"}],"version-history":[{"count":11,"href":"https:\/\/lubuskiekruszywa.pl\/de\/wp-json\/wp\/v2\/pages\/697\/revisions"}],"predecessor-version":[{"id":995,"href":"https:\/\/lubuskiekruszywa.pl\/de\/wp-json\/wp\/v2\/pages\/697\/revisions\/995"}],"wp:attachment":[{"href":"https:\/\/lubuskiekruszywa.pl\/de\/wp-json\/wp\/v2\/media?parent=697"}],"curies":[{"name":"wp","href":"https:\/\/api.w.org\/{rel}","templated":true}]}}